{"id":2146,"date":"2015-07-28T19:18:54","date_gmt":"2015-07-28T17:18:54","guid":{"rendered":"http:\/\/aquimandoyo.com\/?page_id=2146"},"modified":"2015-07-28T19:43:53","modified_gmt":"2015-07-28T17:43:53","slug":"argentina-agosto-de-2006","status":"publish","type":"page","link":"http:\/\/aquimandoyo.com\/index.php\/mis-viajes\/argentina-agosto-de-2006\/","title":{"rendered":"Argentina &#8211; Agosto de 2006"},"content":{"rendered":"<p><a href=\"http:\/\/aquimandoyo.com\/index.php\/buenos-aires\/\"><img loading=\"lazy\" decoding=\"async\" class=\"aligncenter size-archive-thumbnail wp-image-2163\" src=\"http:\/\/aquimandoyo.com\/wp-content\/uploads\/2015\/07\/004BAs__DSC0272-220x150.jpg\" alt=\"004BAs__DSC0272\" width=\"220\" height=\"150\" \/><\/a><\/p>\n<h2 style=\"text-align: center;\"><span style=\"color: #3366ff;\"><a href=\"http:\/\/aquimandoyo.com\/index.php\/mis-viajes\/argentina-agosto-de-2006\/buenos-aires\/\">Buenos Aires<\/a><\/span><\/h2>\n<p>&nbsp;<\/p>\n<p><a href=\"http:\/\/aquimandoyo.com\/index.php\/el-calafate\/\"><img loading=\"lazy\" decoding=\"async\" class=\"aligncenter wp-image-2332 size-archive-thumbnail\" src=\"http:\/\/aquimandoyo.com\/wp-content\/uploads\/2015\/07\/255CftDSCF1473-220x150.jpg\" alt=\"255CftDSCF1473\" width=\"220\" height=\"150\" \/><\/a><\/p>\n<h2 style=\"text-align: center;\"><a href=\"http:\/\/aquimandoyo.com\/index.php\/mis-viajes\/argentina-agosto-de-2006\/el-calafate\/\">El Calafate<\/a><\/h2>\n<p>&nbsp;<\/p>\n<p><a href=\"http:\/\/aquimandoyo.com\/index.php\/iguazu\/\"><img loading=\"lazy\" decoding=\"async\" class=\"aligncenter wp-image-2402 size-archive-thumbnail\" src=\"http:\/\/aquimandoyo.com\/wp-content\/uploads\/2015\/07\/127Igzpano_iguazu4-220x150.jpg\" alt=\"127Igzpano_iguazu4\" width=\"220\" height=\"150\" \/><\/a><\/p>\n<h2 style=\"text-align: center;\"><a href=\"http:\/\/aquimandoyo.com\/index.php\/mis-viajes\/argentina-agosto-de-2006\/iguazu\/\">Iguaz\u00fa<\/a><\/h2>\n<p>&nbsp;<\/p>\n<p><a href=\"http:\/\/aquimandoyo.com\/index.php\/ushuaia\/\"><img loading=\"lazy\" decoding=\"async\" class=\"aligncenter size-archive-thumbnail wp-image-2493\" src=\"http:\/\/aquimandoyo.com\/wp-content\/uploads\/2015\/07\/166Ush__DSC0220-220x150.jpg\" alt=\"166Ush__DSC0220\" width=\"220\" height=\"150\" \/><\/a><\/p>\n<h2 style=\"text-align: center;\"><a href=\"http:\/\/aquimandoyo.com\/index.php\/mis-viajes\/argentina-agosto-de-2006\/ushuaia\/\">Ushuaia<\/a><\/h2>\n<p>&nbsp;<\/p>\n<p><a href=\"http:\/\/aquimandoyo.com\/index.php\/peninsula-de-valdes\/\"><img loading=\"lazy\" decoding=\"async\" class=\"aligncenter wp-image-2566 size-archive-thumbnail\" src=\"http:\/\/aquimandoyo.com\/wp-content\/uploads\/2015\/07\/089Vds_DSC0576-220x150.jpg\" alt=\"089Vds_DSC0576\" width=\"220\" height=\"150\" \/><\/a><\/p>\n<h2 style=\"text-align: center;\"><a href=\"http:\/\/aquimandoyo.com\/index.php\/mis-viajes\/argentina-agosto-de-2006\/peninsula-de-valdes\/\">Pen\u00ednsula de Vald\u00e9s<\/a><\/h2>\n","protected":false},"excerpt":{"rendered":"<p>Buenos Aires &nbsp; El Calafate &nbsp; Iguaz\u00fa &nbsp; Ushuaia &nbsp; Pen\u00ednsula de Vald\u00e9s<\/p>\n","protected":false},"author":5,"featured_media":0,"parent":123,"menu_order":0,"comment_status":"open","ping_status":"open","template":"","meta":{"footnotes":""},"class_list":["post-2146","page","type-page","status-publish","hentry"],"jetpack_sharing_enabled":true,"_links":{"self":[{"href":"http:\/\/aquimandoyo.com\/index.php\/wp-json\/wp\/v2\/pages\/2146","targetHints":{"allow":["GET"]}}],"collection":[{"href":"http:\/\/aquimandoyo.com\/index.php\/wp-json\/wp\/v2\/pages"}],"about":[{"href":"http:\/\/aquimandoyo.com\/index.php\/wp-json\/wp\/v2\/types\/page"}],"author":[{"embeddable":true,"href":"http:\/\/aquimandoyo.com\/index.php\/wp-json\/wp\/v2\/users\/5"}],"replies":[{"embeddable":true,"href":"http:\/\/aquimandoyo.com\/index.php\/wp-json\/wp\/v2\/comments?post=2146"}],"version-history":[{"count":6,"href":"http:\/\/aquimandoyo.com\/index.php\/wp-json\/wp\/v2\/pages\/2146\/revisions"}],"predecessor-version":[{"id":2590,"href":"http:\/\/aquimandoyo.com\/index.php\/wp-json\/wp\/v2\/pages\/2146\/revisions\/2590"}],"up":[{"embeddable":true,"href":"http:\/\/aquimandoyo.com\/index.php\/wp-json\/wp\/v2\/pages\/123"}],"wp:attachment":[{"href":"http:\/\/aquimandoyo.com\/index.php\/wp-json\/wp\/v2\/media?parent=2146"}],"curies":[{"name":"wp","href":"https:\/\/api.w.org\/{rel}","templated":true}]}}