{"id":887,"date":"2015-07-13T16:53:48","date_gmt":"2015-07-13T16:53:48","guid":{"rendered":"http:\/\/aquimandoyo.com\/?page_id=887"},"modified":"2015-07-19T17:29:50","modified_gmt":"2015-07-19T17:29:50","slug":"el-lado-oscuro","status":"publish","type":"page","link":"http:\/\/aquimandoyo.com\/index.php\/temas\/el-lado-oscuro\/","title":{"rendered":"El lado oscuro"},"content":{"rendered":"<p style=\"text-align: center;\"><a href=\"http:\/\/aquimandoyo.com\/index.php\/temas\/el-lado-oscuro\/alcatraz\/\"><img loading=\"lazy\" decoding=\"async\" class=\" size-archive-thumbnail wp-image-980 aligncenter\" src=\"http:\/\/aquimandoyo.com\/wp-content\/uploads\/2015\/07\/029alcatraz-220x150.jpg\" alt=\"029alcatraz\" width=\"220\" height=\"150\" \/><\/a><\/p>\n<p style=\"text-align: center;\">\n<h2 style=\"text-align: center;\"><span style=\"color: #3366ff;\">Alcatraz<\/span><\/h2>\n<p style=\"text-align: center;\">Cuando alguien violaba las reglas de la sociedad<\/p>\n<p style=\"text-align: center;\">le mandaban a la c\u00e1rcel. Cuando violaba las reglas de<\/p>\n<p style=\"text-align: center;\">la c\u00e1rcel le mandaban a Alcatraz.<\/p>\n<p style=\"text-align: center;\">Pero, \u00bfqu\u00e9 pasa cuando se violan las normas de Alcatraz?<\/p>\n<p style=\"text-align: center;\">&#8211;<\/p>\n<p style=\"text-align: center;\"><a href=\"http:\/\/aquimandoyo.com\/index.php\/temas\/el-lado-oscuro\/cementerios\/\"><img loading=\"lazy\" decoding=\"async\" class=\"aligncenter size-archive-thumbnail wp-image-1022\" src=\"http:\/\/aquimandoyo.com\/wp-content\/uploads\/2015\/07\/040cementerios-220x150.jpg\" alt=\"040cementerios\" width=\"220\" height=\"150\" \/><\/a><\/p>\n<p style=\"text-align: center;\">\n<h2 style=\"text-align: center;\"><span style=\"color: #3366ff;\">Cementerios<\/span><\/h2>\n<p style=\"text-align: center;\">El Reino de la Muerte.<\/p>\n<p style=\"text-align: center;\">Esta es mi serie m\u00e1s tenebrosa. Es un conjunto<\/p>\n<p style=\"text-align: center;\">de fotograf\u00edas que incluyen cementerios, catacumbas<\/p>\n<p style=\"text-align: center;\">y alg\u00fan que otro motivo religioso.<\/p>\n<p style=\"text-align: center;\">Hay a qui\u00e9n puede parecerle desagradable.<\/p>\n<p style=\"text-align: center;\">&#8211;<\/p>\n<p style=\"text-align: center;\">\n<p style=\"text-align: center;\"><a href=\"http:\/\/aquimandoyo.com\/index.php\/temas\/el-lado-oscuro\/cuelgamuros\/\"><img loading=\"lazy\" decoding=\"async\" class=\"aligncenter size-archive-thumbnail wp-image-1096\" src=\"http:\/\/aquimandoyo.com\/wp-content\/uploads\/2015\/07\/008valle-220x150.jpg\" alt=\"008valle\" width=\"220\" height=\"150\" \/><\/a><\/p>\n<p style=\"text-align: center;\">\n<h2 style=\"text-align: center;\"><span style=\"color: #3366ff;\">Cuelgamuros<\/span><\/h2>\n<p style=\"text-align: center;\">Parece mentira que un sitio tan horroroso y<\/p>\n<p style=\"text-align: center;\">espeluznante como el Valle de (algunos de) los Ca\u00eddos<\/p>\n<p style=\"text-align: center;\">pueda servir para hacer algo visualmente interesante.<\/p>\n<p style=\"text-align: center;\">Yo lo intent\u00e9 con estas fotos.<\/p>\n<p style=\"text-align: center;\">&#8211;<\/p>\n<p style=\"text-align: center;\"><a href=\"http:\/\/aquimandoyo.com\/index.php\/temas\/el-lado-oscuro\/dachau\/\"><img loading=\"lazy\" decoding=\"async\" class=\"aligncenter size-archive-thumbnail wp-image-1128\" src=\"http:\/\/aquimandoyo.com\/wp-content\/uploads\/2015\/07\/023dachau-220x150.jpg\" alt=\"023dachau\" width=\"220\" height=\"150\" \/><\/a><\/p>\n<p style=\"text-align: center;\">\n<h2 style=\"text-align: center;\"><span style=\"color: #3366ff;\">Dachau<\/span><\/h2>\n<p style=\"text-align: center;\">Para millones de seres humanos el<\/p>\n<p style=\"text-align: center;\">verdadero infierno es la Tierra. Arthur Schopenhauer.<\/p>\n<p style=\"text-align: center;\">No hay necesidad de fuego. El<\/p>\n<p style=\"text-align: center;\">infierno son los otros. Jean Paul Sartre.<\/p>\n<p style=\"text-align: center;\">El infierno est\u00e1 todo en esta<\/p>\n<p style=\"text-align: center;\">palabra: soledad. V\u00edctor Hugo.<\/p>\n<p style=\"text-align: center;\">&#8211;<\/p>\n<p style=\"text-align: center;\"><a href=\"http:\/\/aquimandoyo.com\/index.php\/temas\/el-lado-oscuro\/gaudi\/\"><img loading=\"lazy\" decoding=\"async\" class=\"aligncenter size-archive-thumbnail wp-image-1160\" src=\"http:\/\/aquimandoyo.com\/wp-content\/uploads\/2015\/07\/001gaudi-220x150.jpg\" alt=\"001gaudi\" width=\"220\" height=\"150\" \/><\/a><\/p>\n<p style=\"text-align: center;\">\n<h2 style=\"text-align: center;\"><span style=\"color: #3366ff;\">Gaud\u00ed<\/span><\/h2>\n<p style=\"text-align: center;\">Gaud\u00ed siempre me pareci\u00f3 un poco<\/p>\n<p style=\"text-align: center;\">t\u00e9trico. Claro que cuando ves su obra como<\/p>\n<p style=\"text-align: center;\">yo me la imagino, la cosa empeora bastante<\/p>\n<p style=\"text-align: center;\">y llega hasta unos niveles de tenebrismo<\/p>\n<p style=\"text-align: center;\">bastante interesantes.<\/p>\n<p style=\"text-align: center;\">\u00bfO no?<\/p>\n<p style=\"text-align: center;\">&#8211;<\/p>\n<p style=\"text-align: center;\"><a href=\"http:\/\/aquimandoyo.com\/index.php\/temas\/el-lado-oscuro\/pompeya\/\"><img loading=\"lazy\" decoding=\"async\" class=\"aligncenter size-archive-thumbnail wp-image-1213\" src=\"http:\/\/aquimandoyo.com\/wp-content\/uploads\/2015\/07\/039pompeya-220x150.jpg\" alt=\"039pompeya\" width=\"220\" height=\"150\" \/><\/a><\/p>\n<p style=\"text-align: center;\">\n<h2 style=\"text-align: center;\"><span style=\"color: #3366ff;\">Pompeya<\/span><\/h2>\n<p style=\"text-align: center;\">El 24 de agosto del a\u00f1o 79 de nuestra Era la ciudad de<\/p>\n<p style=\"text-align: center;\">Pompeya fue destruida por el Vesubio. El volc\u00e1n estall\u00f3 en<\/p>\n<p style=\"text-align: center;\">medio de grandes temblores, enterrando la ciudad y acabando<\/p>\n<p style=\"text-align: center;\">con la vida de la casi totalidad de su poblaci\u00f3n.<\/p>\n<p style=\"text-align: center;\">La explosi\u00f3n del volc\u00e1n produjo seis oleadas pirocl\u00e1sticas<\/p>\n<p style=\"text-align: center;\">de magnitud creciente que modificaron el paisaje en un radio<\/p>\n<p style=\"text-align: center;\">de 15 km. Una s\u00e1bana de aire y cenizas de 300 grados de<\/p>\n<p style=\"text-align: center;\">temperatura se abalanz\u00f3 sobre la ciudad a una velocidad de<\/p>\n<p style=\"text-align: center;\">400 km\/h, deteni\u00e9ndose sobre ella y produciendo la muerte<\/p>\n<p style=\"text-align: center;\">de sus 25000 habitantes de forma pr\u00e1cticamente instant\u00e1nea.<\/p>\n<p style=\"text-align: center;\">No fue la asfixia, ni la fuerza del impacto lo que caus\u00f3 las<\/p>\n<p style=\"text-align: center;\">muertes. Ni siquiera fue la inhalaci\u00f3n de gases venenosos. La<\/p>\n<p style=\"text-align: center;\">causa de la muerte instant\u00e1nea fue el intenso calor, por lo que<\/p>\n<p style=\"text-align: center;\">ni tan siquiera los que se refugiaron en sus casas pudieron escapar.<\/p>\n","protected":false},"excerpt":{"rendered":"<p>Alcatraz Cuando alguien violaba las reglas de la sociedad le mandaban a la c\u00e1rcel. Cuando violaba las reglas de la c\u00e1rcel le mandaban a Alcatraz. Pero, \u00bfqu\u00e9 pasa cuando se violan las normas de Alcatraz? &#8211; Cementerios El Reino de la Muerte. Esta es mi serie m\u00e1s tenebrosa. Es un conjunto de fotograf\u00edas que incluyen [&hellip;]<\/p>\n","protected":false},"author":5,"featured_media":0,"parent":119,"menu_order":0,"comment_status":"open","ping_status":"open","template":"","meta":{"footnotes":""},"class_list":["post-887","page","type-page","status-publish","hentry"],"jetpack_sharing_enabled":true,"_links":{"self":[{"href":"http:\/\/aquimandoyo.com\/index.php\/wp-json\/wp\/v2\/pages\/887","targetHints":{"allow":["GET"]}}],"collection":[{"href":"http:\/\/aquimandoyo.com\/index.php\/wp-json\/wp\/v2\/pages"}],"about":[{"href":"http:\/\/aquimandoyo.com\/index.php\/wp-json\/wp\/v2\/types\/page"}],"author":[{"embeddable":true,"href":"http:\/\/aquimandoyo.com\/index.php\/wp-json\/wp\/v2\/users\/5"}],"replies":[{"embeddable":true,"href":"http:\/\/aquimandoyo.com\/index.php\/wp-json\/wp\/v2\/comments?post=887"}],"version-history":[{"count":4,"href":"http:\/\/aquimandoyo.com\/index.php\/wp-json\/wp\/v2\/pages\/887\/revisions"}],"predecessor-version":[{"id":1759,"href":"http:\/\/aquimandoyo.com\/index.php\/wp-json\/wp\/v2\/pages\/887\/revisions\/1759"}],"up":[{"embeddable":true,"href":"http:\/\/aquimandoyo.com\/index.php\/wp-json\/wp\/v2\/pages\/119"}],"wp:attachment":[{"href":"http:\/\/aquimandoyo.com\/index.php\/wp-json\/wp\/v2\/media?parent=887"}],"curies":[{"name":"wp","href":"https:\/\/api.w.org\/{rel}","templated":true}]}}