{"id":3100,"date":"2015-10-10T19:25:09","date_gmt":"2015-10-10T17:25:09","guid":{"rendered":"http:\/\/aquimandoyo.com\/?page_id=3100"},"modified":"2015-10-10T19:38:10","modified_gmt":"2015-10-10T17:38:10","slug":"norte-de-italia-enero-de-2007","status":"publish","type":"page","link":"https:\/\/aquimandoyo.com\/index.php\/mis-viajes\/norte-de-italia-enero-de-2007\/","title":{"rendered":"Norte de Italia &#8211; Enero de 2007"},"content":{"rendered":"<p><a href=\"http:\/\/aquimandoyo.com\/index.php\/mis-viajes\/norte-de-italia-enero-de-2007\/milan\/\"><img loading=\"lazy\" decoding=\"async\" class=\"aligncenter size-archive-thumbnail wp-image-3140\" src=\"http:\/\/aquimandoyo.com\/wp-content\/uploads\/2015\/10\/118Milan_ene07_DSC2220-220x150.jpg\" alt=\"118Milan_ene07_DSC2220\" width=\"220\" height=\"150\" \/><\/a><\/p>\n<h2 style=\"text-align: center;\"><span style=\"color: #3366ff;\"><a href=\"http:\/\/aquimandoyo.com\/index.php\/mis-viajes\/norte-de-italia-enero-de-2007\/milan\/\">Mil\u00e1n<\/a><\/span><\/h2>\n<p><a href=\"http:\/\/aquimandoyo.com\/index.php\/mis-viajes\/norte-de-italia-enero-de-2007\/bergamo\/\"><img loading=\"lazy\" decoding=\"async\" class=\"aligncenter wp-image-3176 size-archive-thumbnail\" src=\"http:\/\/aquimandoyo.com\/wp-content\/uploads\/2015\/10\/029Bergamo_Ene07_DSC2206_1-220x150.jpg\" alt=\"029Bergamo_Ene07_DSC2206_1\" width=\"220\" height=\"150\" \/><\/a><\/p>\n<h2 style=\"text-align: center;\"><span style=\"color: #3366ff;\"><a href=\"http:\/\/aquimandoyo.com\/index.php\/mis-viajes\/norte-de-italia-enero-de-2007\/bergamo\/\">B\u00e9rgamo<\/a><\/span><\/h2>\n<p><a href=\"http:\/\/aquimandoyo.com\/index.php\/mis-viajes\/norte-de-italia-enero-de-2007\/como\/\"><img loading=\"lazy\" decoding=\"async\" class=\"aligncenter wp-image-3189 size-archive-thumbnail\" src=\"http:\/\/aquimandoyo.com\/wp-content\/uploads\/2015\/10\/017Como_Ene07_DSC1972_1-220x150.jpg\" alt=\"017Como_Ene07_DSC1972_1\" width=\"220\" height=\"150\" \/><\/a><\/p>\n<h2 style=\"text-align: center;\"><span style=\"color: #3366ff;\"><a href=\"http:\/\/aquimandoyo.com\/index.php\/mis-viajes\/norte-de-italia-enero-de-2007\/como\/\">Como<\/a><\/span><\/h2>\n<p><a href=\"http:\/\/aquimandoyo.com\/index.php\/mis-viajes\/norte-de-italia-enero-de-2007\/turin\/\"><img loading=\"lazy\" decoding=\"async\" class=\"aligncenter size-archive-thumbnail wp-image-3205\" src=\"http:\/\/aquimandoyo.com\/wp-content\/uploads\/2015\/10\/004Turin_Ene07_DSC2035_1-220x150.jpg\" alt=\"004Turin_Ene07_DSC2035_1\" width=\"220\" height=\"150\" \/><\/a><\/p>\n<h2 style=\"text-align: center;\"><span style=\"color: #3366ff;\"><a href=\"http:\/\/aquimandoyo.com\/index.php\/mis-viajes\/norte-de-italia-enero-de-2007\/turin\/\">Tur\u00edn<\/a><\/span><\/h2>\n","protected":false},"excerpt":{"rendered":"<p>Mil\u00e1n B\u00e9rgamo Como Tur\u00edn<\/p>\n","protected":false},"author":5,"featured_media":0,"parent":123,"menu_order":0,"comment_status":"closed","ping_status":"closed","template":"","meta":{"footnotes":""},"class_list":["post-3100","page","type-page","status-publish","hentry"],"jetpack_sharing_enabled":true,"_links":{"self":[{"href":"https:\/\/aquimandoyo.com\/index.php\/wp-json\/wp\/v2\/pages\/3100","targetHints":{"allow":["GET"]}}],"collection":[{"href":"https:\/\/aquimandoyo.com\/index.php\/wp-json\/wp\/v2\/pages"}],"about":[{"href":"https:\/\/aquimandoyo.com\/index.php\/wp-json\/wp\/v2\/types\/page"}],"author":[{"embeddable":true,"href":"https:\/\/aquimandoyo.com\/index.php\/wp-json\/wp\/v2\/users\/5"}],"replies":[{"embeddable":true,"href":"https:\/\/aquimandoyo.com\/index.php\/wp-json\/wp\/v2\/comments?post=3100"}],"version-history":[{"count":6,"href":"https:\/\/aquimandoyo.com\/index.php\/wp-json\/wp\/v2\/pages\/3100\/revisions"}],"predecessor-version":[{"id":3230,"href":"https:\/\/aquimandoyo.com\/index.php\/wp-json\/wp\/v2\/pages\/3100\/revisions\/3230"}],"up":[{"embeddable":true,"href":"https:\/\/aquimandoyo.com\/index.php\/wp-json\/wp\/v2\/pages\/123"}],"wp:attachment":[{"href":"https:\/\/aquimandoyo.com\/index.php\/wp-json\/wp\/v2\/media?parent=3100"}],"curies":[{"name":"wp","href":"https:\/\/api.w.org\/{rel}","templated":true}]}}