{"id":64,"date":"2015-07-11T17:14:03","date_gmt":"2015-07-11T17:14:03","guid":{"rendered":"http:\/\/aquimandoyo.com\/?page_id=64"},"modified":"2018-06-17T13:37:02","modified_gmt":"2018-06-17T11:37:02","slug":"acerca-de","status":"publish","type":"page","link":"https:\/\/aquimandoyo.com\/index.php\/acerca-de\/","title":{"rendered":"Acerca de&#8230;"},"content":{"rendered":"<p><a href=\"http:\/\/aquimandoyo.com\/wp-content\/uploads\/2015\/07\/acerca.jpg\"><img loading=\"lazy\" decoding=\"async\" class=\"alignleft size-single-thumbnail wp-image-65\" src=\"http:\/\/aquimandoyo.com\/wp-content\/uploads\/2015\/07\/acerca-640x360.jpg\" alt=\"acerca\" width=\"640\" height=\"360\" \/><\/a>Aqu\u00ed me ves, frente al glaciar Perito Moreno, en plena Patagonia argentina. Si quieres ver m\u00e1s fotos, no tienes m\u00e1s que explorar el blog.<\/p>\n<p>Encontrar\u00e1s un poco de todo: fotos hechas con diferentes t\u00e9cnicas, temas que me gustan, viajes, alguna que otra chorrada y mucho, mucho Photoshop.<\/p>\n<p>Mi nombre es Manuel Molina soy solo un aficionado a la fotograf\u00eda y al retoque digital, as\u00ed que estoy en aprendizaje continuo, por lo que todo comentario o sugerencia ser\u00e1 muy bien recibida.<\/p>\n<p><span style=\"color: #3366ff;\"><strong>Espero que disfrutes con mis fotos.<\/strong><\/span><\/p>\n","protected":false},"excerpt":{"rendered":"<p>Aqu\u00ed me ves, frente al glaciar Perito Moreno, en plena Patagonia argentina. Si quieres ver m\u00e1s fotos, no tienes m\u00e1s que explorar el blog. Encontrar\u00e1s un poco de todo: fotos hechas con diferentes t\u00e9cnicas, temas que me gustan, viajes, alguna que otra chorrada y mucho, mucho Photoshop. Mi nombre es Manuel Molina soy solo un [&hellip;]<\/p>\n","protected":false},"author":5,"featured_media":0,"parent":0,"menu_order":0,"comment_status":"open","ping_status":"open","template":"","meta":{"footnotes":""},"class_list":["post-64","page","type-page","status-publish","hentry"],"jetpack_sharing_enabled":true,"_links":{"self":[{"href":"https:\/\/aquimandoyo.com\/index.php\/wp-json\/wp\/v2\/pages\/64","targetHints":{"allow":["GET"]}}],"collection":[{"href":"https:\/\/aquimandoyo.com\/index.php\/wp-json\/wp\/v2\/pages"}],"about":[{"href":"https:\/\/aquimandoyo.com\/index.php\/wp-json\/wp\/v2\/types\/page"}],"author":[{"embeddable":true,"href":"https:\/\/aquimandoyo.com\/index.php\/wp-json\/wp\/v2\/users\/5"}],"replies":[{"embeddable":true,"href":"https:\/\/aquimandoyo.com\/index.php\/wp-json\/wp\/v2\/comments?post=64"}],"version-history":[{"count":2,"href":"https:\/\/aquimandoyo.com\/index.php\/wp-json\/wp\/v2\/pages\/64\/revisions"}],"predecessor-version":[{"id":451,"href":"https:\/\/aquimandoyo.com\/index.php\/wp-json\/wp\/v2\/pages\/64\/revisions\/451"}],"wp:attachment":[{"href":"https:\/\/aquimandoyo.com\/index.php\/wp-json\/wp\/v2\/media?parent=64"}],"curies":[{"name":"wp","href":"https:\/\/api.w.org\/{rel}","templated":true}]}}